{"id":2264,"date":"2023-11-18T13:40:59","date_gmt":"2023-11-18T12:40:59","guid":{"rendered":"https:\/\/guspanish.com\/?page_id=2264"},"modified":"2023-12-07T11:16:39","modified_gmt":"2023-12-07T10:16:39","slug":"contacto","status":"publish","type":"page","link":"https:\/\/guspanish.com\/index.php\/contacto\/","title":{"rendered":"Contacto"},"content":{"rendered":"\t\t<div data-elementor-type=\"wp-page\" data-elementor-id=\"2264\" class=\"elementor elementor-2264\">\n\t\t\t\t\t\t<section class=\"elementor-section elementor-top-section elementor-element elementor-element-7875fb6 elementor-section-boxed elementor-section-height-default elementor-section-height-default\" data-id=\"7875fb6\" data-element_type=\"section\" data-e-type=\"section\" data-settings=\"{&quot;background_background&quot;:&quot;classic&quot;}\">\n\t\t\t\t\t\t\t<div class=\"elementor-background-overlay\"><\/div>\n\t\t\t\t\t\t\t<div class=\"elementor-container elementor-column-gap-no\">\n\t\t\t\t\t<div class=\"elementor-column elementor-col-100 elementor-top-column elementor-element elementor-element-2347df7\" data-id=\"2347df7\" data-element_type=\"column\" data-e-type=\"column\">\n\t\t\t<div class=\"elementor-widget-wrap elementor-element-populated\">\n\t\t\t\t\t\t<div class=\"elementor-element elementor-element-6d4b69e elementor-widget elementor-widget-heading\" data-id=\"6d4b69e\" data-element_type=\"widget\" data-e-type=\"widget\" data-widget_type=\"heading.default\">\n\t\t\t\t<div class=\"elementor-widget-container\">\n\t\t\t\t\t<h1 class=\"elementor-heading-title elementor-size-default\">CONTACTO<\/h1>\t\t\t\t<\/div>\n\t\t\t\t<\/div>\n\t\t\t\t<div class=\"elementor-element elementor-element-cb0ba8b elementor-absolute elementor-widget elementor-widget-image\" data-id=\"cb0ba8b\" data-element_type=\"widget\" data-e-type=\"widget\" data-settings=\"{&quot;_position&quot;:&quot;absolute&quot;}\" data-widget_type=\"image.default\">\n\t\t\t\t<div class=\"elementor-widget-container\">\n\t\t\t\t\t\t\t\t\t\t\t\t\t\t\t<img decoding=\"async\" width=\"300\" height=\"107\" src=\"https:\/\/guspanish.com\/wp-content\/uploads\/2023\/11\/Logo-Guspanish-Original-on-Transparent-300x107.png\" class=\"attachment-medium size-medium wp-image-1803\" alt=\"\" srcset=\"https:\/\/guspanish.com\/wp-content\/uploads\/2023\/11\/Logo-Guspanish-Original-on-Transparent-300x107.png 300w, https:\/\/guspanish.com\/wp-content\/uploads\/2023\/11\/Logo-Guspanish-Original-on-Transparent-1024x365.png 1024w, https:\/\/guspanish.com\/wp-content\/uploads\/2023\/11\/Logo-Guspanish-Original-on-Transparent-768x273.png 768w, https:\/\/guspanish.com\/wp-content\/uploads\/2023\/11\/Logo-Guspanish-Original-on-Transparent-1536x547.png 1536w, https:\/\/guspanish.com\/wp-content\/uploads\/2023\/11\/Logo-Guspanish-Original-on-Transparent-2048x729.png 2048w\" sizes=\"(max-width: 300px) 100vw, 300px\" \/>\t\t\t\t\t\t\t\t\t\t\t\t\t\t\t<\/div>\n\t\t\t\t<\/div>\n\t\t\t\t\t<\/div>\n\t\t<\/div>\n\t\t\t\t\t<\/div>\n\t\t<\/section>\n\t\t\t\t<section class=\"elementor-section elementor-top-section elementor-element elementor-element-a7fb121 elementor-section-content-middle elementor-section-boxed elementor-section-height-default elementor-section-height-default\" data-id=\"a7fb121\" data-element_type=\"section\" data-e-type=\"section\" data-settings=\"{&quot;background_background&quot;:&quot;classic&quot;}\">\n\t\t\t\t\t\t<div class=\"elementor-container elementor-column-gap-no\">\n\t\t\t\t\t<div class=\"elementor-column elementor-col-50 elementor-top-column elementor-element elementor-element-4f5897e\" data-id=\"4f5897e\" data-element_type=\"column\" data-e-type=\"column\">\n\t\t\t<div class=\"elementor-widget-wrap elementor-element-populated\">\n\t\t\t\t\t\t<div class=\"elementor-element elementor-element-0b95b30 elementor-widget elementor-widget-heading\" data-id=\"0b95b30\" data-element_type=\"widget\" data-e-type=\"widget\" data-widget_type=\"heading.default\">\n\t\t\t\t<div class=\"elementor-widget-container\">\n\t\t\t\t\t<h2 class=\"elementor-heading-title elementor-size-default\">CONTACTO<\/h2>\t\t\t\t<\/div>\n\t\t\t\t<\/div>\n\t\t\t\t<div class=\"elementor-element elementor-element-7f9c6f1 elementor-icon-list--layout-traditional elementor-list-item-link-full_width elementor-widget elementor-widget-icon-list\" data-id=\"7f9c6f1\" data-element_type=\"widget\" data-e-type=\"widget\" data-widget_type=\"icon-list.default\">\n\t\t\t\t<div class=\"elementor-widget-container\">\n\t\t\t\t\t\t\t<ul class=\"elementor-icon-list-items\">\n\t\t\t\t\t\t\t<li class=\"elementor-icon-list-item\">\n\t\t\t\t\t\t\t\t\t\t\t<a href=\"#\">\n\n\t\t\t\t\t\t\t\t\t\t\t\t<span class=\"elementor-icon-list-icon\">\n\t\t\t\t\t\t\t<i aria-hidden=\"true\" class=\"fas fa-envelope\"><\/i>\t\t\t\t\t\t<\/span>\n\t\t\t\t\t\t\t\t\t\t<span class=\"elementor-icon-list-text\">info@guspanish.com<\/span>\n\t\t\t\t\t\t\t\t\t\t\t<\/a>\n\t\t\t\t\t\t\t\t\t<\/li>\n\t\t\t\t\t\t\t\t<li class=\"elementor-icon-list-item\">\n\t\t\t\t\t\t\t\t\t\t\t<a href=\"https:\/\/www.instagram.com\/guspanish\/\">\n\n\t\t\t\t\t\t\t\t\t\t\t\t<span class=\"elementor-icon-list-icon\">\n\t\t\t\t\t\t\t<i aria-hidden=\"true\" class=\"fab fa-instagram\"><\/i>\t\t\t\t\t\t<\/span>\n\t\t\t\t\t\t\t\t\t\t<span class=\"elementor-icon-list-text\">Guspanish<\/span>\n\t\t\t\t\t\t\t\t\t\t\t<\/a>\n\t\t\t\t\t\t\t\t\t<\/li>\n\t\t\t\t\t\t\t\t<li class=\"elementor-icon-list-item\">\n\t\t\t\t\t\t\t\t\t\t\t<a href=\"https:\/\/www.facebook.com\/profile.php?id=61552358289459\" target=\"_blank\">\n\n\t\t\t\t\t\t\t\t\t\t\t\t<span class=\"elementor-icon-list-icon\">\n\t\t\t\t\t\t\t<i aria-hidden=\"true\" class=\"fab fa-facebook\"><\/i>\t\t\t\t\t\t<\/span>\n\t\t\t\t\t\t\t\t\t\t<span class=\"elementor-icon-list-text\">Guspanish<\/span>\n\t\t\t\t\t\t\t\t\t\t\t<\/a>\n\t\t\t\t\t\t\t\t\t<\/li>\n\t\t\t\t\t\t\t\t<li class=\"elementor-icon-list-item\">\n\t\t\t\t\t\t\t\t\t\t\t<span class=\"elementor-icon-list-icon\">\n\t\t\t\t\t\t\t<i aria-hidden=\"true\" class=\"fab fa-whatsapp\"><\/i>\t\t\t\t\t\t<\/span>\n\t\t\t\t\t\t\t\t\t\t<span class=\"elementor-icon-list-text\">+34 644 04 43 92<\/span>\n\t\t\t\t\t\t\t\t\t<\/li>\n\t\t\t\t\t\t<\/ul>\n\t\t\t\t\t\t<\/div>\n\t\t\t\t<\/div>\n\t\t\t\t<div class=\"elementor-element elementor-element-fcebb89 elementor-widget-divider--separator-type-pattern elementor-widget-divider--view-line elementor-widget elementor-widget-divider\" data-id=\"fcebb89\" data-element_type=\"widget\" data-e-type=\"widget\" data-widget_type=\"divider.default\">\n\t\t\t\t<div class=\"elementor-widget-container\">\n\t\t\t\t\t\t\t<div class=\"elementor-divider\" style=\"--divider-pattern-url: url(&quot;data:image\/svg+xml,%3Csvg xmlns=&#039;http:\/\/www.w3.org\/2000\/svg&#039; preserveAspectRatio=&#039;none&#039; overflow=&#039;visible&#039; height=&#039;100%&#039; viewBox=&#039;0 0 24 24&#039; fill=&#039;black&#039; stroke=&#039;none&#039;%3E%3Cpolygon points=&#039;9.4,2 24,2 14.6,21.6 0,21.6&#039;\/%3E%3C\/svg%3E&quot;);\">\n\t\t\t<span class=\"elementor-divider-separator\">\n\t\t\t\t\t\t<\/span>\n\t\t<\/div>\n\t\t\t\t\t\t<\/div>\n\t\t\t\t<\/div>\n\t\t\t\t<div class=\"elementor-element elementor-element-5aa362f elementor-widget__width-auto elementor-widget elementor-widget-heading\" data-id=\"5aa362f\" data-element_type=\"widget\" data-e-type=\"widget\" data-widget_type=\"heading.default\">\n\t\t\t\t<div class=\"elementor-widget-container\">\n\t\t\t\t\t<h6 class=\"elementor-heading-title elementor-size-medium\">\u00a1No olvides seguirme en mis redes!<\/h6>\t\t\t\t<\/div>\n\t\t\t\t<\/div>\n\t\t\t\t<div class=\"elementor-element elementor-element-4428fd1 e-grid-align-left elementor-widget__width-auto elementor-shape-rounded elementor-grid-0 elementor-widget elementor-widget-social-icons\" data-id=\"4428fd1\" data-element_type=\"widget\" data-e-type=\"widget\" data-widget_type=\"social-icons.default\">\n\t\t\t\t<div class=\"elementor-widget-container\">\n\t\t\t\t\t\t\t<div class=\"elementor-social-icons-wrapper elementor-grid\" role=\"list\">\n\t\t\t\t\t\t\t<span class=\"elementor-grid-item\" role=\"listitem\">\n\t\t\t\t\t<a class=\"elementor-icon elementor-social-icon elementor-social-icon-facebook elementor-repeater-item-c2dc973\" href=\"https:\/\/www.facebook.com\/profile.php?id=61552358289459\">\n\t\t\t\t\t\t<span class=\"elementor-screen-only\">Facebook<\/span>\n\t\t\t\t\t\t<i aria-hidden=\"true\" class=\"fab fa-facebook\"><\/i>\t\t\t\t\t<\/a>\n\t\t\t\t<\/span>\n\t\t\t\t\t\t\t<span class=\"elementor-grid-item\" role=\"listitem\">\n\t\t\t\t\t<a class=\"elementor-icon elementor-social-icon elementor-social-icon-instagram elementor-repeater-item-8a95c66\" href=\"https:\/\/www.instagram.com\/guspanish\/\" target=\"_blank\">\n\t\t\t\t\t\t<span class=\"elementor-screen-only\">Instagram<\/span>\n\t\t\t\t\t\t<i aria-hidden=\"true\" class=\"fab fa-instagram\"><\/i>\t\t\t\t\t<\/a>\n\t\t\t\t<\/span>\n\t\t\t\t\t<\/div>\n\t\t\t\t\t\t<\/div>\n\t\t\t\t<\/div>\n\t\t\t\t\t<\/div>\n\t\t<\/div>\n\t\t\t\t<div class=\"elementor-column elementor-col-50 elementor-top-column elementor-element elementor-element-be5cd2a\" data-id=\"be5cd2a\" data-element_type=\"column\" data-e-type=\"column\" data-settings=\"{&quot;background_background&quot;:&quot;classic&quot;}\">\n\t\t\t<div class=\"elementor-widget-wrap elementor-element-populated\">\n\t\t\t\t\t\t<div class=\"elementor-element elementor-element-934e2c1 elementor-widget elementor-widget-heading\" data-id=\"934e2c1\" data-element_type=\"widget\" data-e-type=\"widget\" data-widget_type=\"heading.default\">\n\t\t\t\t<div class=\"elementor-widget-container\">\n\t\t\t\t\t<h4 class=\"elementor-heading-title elementor-size-default\">FORMULARIO DE CONTACTO<\/h4>\t\t\t\t<\/div>\n\t\t\t\t<\/div>\n\t\t\t\t<div class=\"elementor-element elementor-element-ceed357 elementor-widget elementor-widget-text-editor\" data-id=\"ceed357\" data-element_type=\"widget\" data-e-type=\"widget\" data-widget_type=\"text-editor.default\">\n\t\t\t\t<div class=\"elementor-widget-container\">\n\t\t\t\t\t\t\t\t\t<p style=\"text-align: center;\">Escr\u00edbeme en mis redes sociales, whatsapp o usando este formulario<\/p>\t\t\t\t\t\t\t\t<\/div>\n\t\t\t\t<\/div>\n\t\t\t\t<div class=\"elementor-element elementor-element-5a21e8d elementor-widget elementor-widget-wpforms\" data-id=\"5a21e8d\" data-element_type=\"widget\" data-e-type=\"widget\" data-widget_type=\"wpforms.default\">\n\t\t\t\t<div class=\"elementor-widget-container\">\n\t\t\t\t\t<div class=\"wpforms-container \" id=\"wpforms-1464\"><form id=\"wpforms-form-1464\" class=\"wpforms-validate wpforms-form wpforms-ajax-form\" data-formid=\"1464\" method=\"post\" enctype=\"multipart\/form-data\" action=\"\/index.php\/wp-json\/wp\/v2\/pages\/2264\" data-token=\"a1c1e4e08a585d5124d369f457b61673\" data-token-time=\"1778160912\"><noscript class=\"wpforms-error-noscript\">Por favor, activa JavaScript en tu navegador para completar este formulario.<\/noscript><div class=\"wpforms-field-container\"><div id=\"wpforms-1464-field_0-container\" class=\"wpforms-field wpforms-field-name\" data-field-id=\"0\"><label class=\"wpforms-field-label\">Name <span class=\"wpforms-required-label\">*<\/span><\/label><div class=\"wpforms-field-row wpforms-field-medium\"><div class=\"wpforms-field-row-block wpforms-first wpforms-one-half\"><input type=\"text\" id=\"wpforms-1464-field_0\" class=\"wpforms-field-name-first wpforms-field-required\" name=\"wpforms[fields][0][first]\" required><label for=\"wpforms-1464-field_0\" class=\"wpforms-field-sublabel after\">Nombre<\/label><\/div><div class=\"wpforms-field-row-block wpforms-one-half\"><input type=\"text\" id=\"wpforms-1464-field_0-last\" class=\"wpforms-field-name-last wpforms-field-required\" name=\"wpforms[fields][0][last]\" required><label for=\"wpforms-1464-field_0-last\" class=\"wpforms-field-sublabel after\">Apellidos<\/label><\/div><\/div><\/div><div id=\"wpforms-1464-field_1-container\" class=\"wpforms-field wpforms-field-email\" data-field-id=\"1\"><label class=\"wpforms-field-label\" for=\"wpforms-1464-field_1\">E-mail <span class=\"wpforms-required-label\">*<\/span><\/label><input type=\"email\" id=\"wpforms-1464-field_1\" class=\"wpforms-field-medium wpforms-field-required\" name=\"wpforms[fields][1]\" spellcheck=\"false\" required><\/div><div id=\"wpforms-1464-field_3-container\" class=\"wpforms-field wpforms-field-text\" data-field-id=\"3\"><label class=\"wpforms-field-label\" for=\"wpforms-1464-field_3\">Whatsapp Number<\/label><input type=\"text\" id=\"wpforms-1464-field_3\" class=\"wpforms-field-medium\" name=\"wpforms[fields][3]\" ><\/div><div id=\"wpforms-1464-field_2-container\" class=\"wpforms-field wpforms-field-textarea\" data-field-id=\"2\"><label class=\"wpforms-field-label\" for=\"wpforms-1464-field_2\">Comment <span class=\"wpforms-required-label\">*<\/span><\/label><textarea id=\"wpforms-1464-field_2\" class=\"wpforms-field-medium wpforms-field-required\" name=\"wpforms[fields][2]\" required><\/textarea><\/div><\/div><!-- .wpforms-field-container --><div class=\"wpforms-submit-container\" ><input type=\"hidden\" name=\"wpforms[id]\" value=\"1464\"><input type=\"hidden\" name=\"page_title\" value=\"\"><input type=\"hidden\" name=\"page_url\" value=\"https:\/\/guspanish.com\/index.php\/wp-json\/wp\/v2\/pages\/2264\"><input type=\"hidden\" name=\"url_referer\" value=\"\"><button type=\"submit\" name=\"wpforms[submit]\" id=\"wpforms-submit-1464\" class=\"wpforms-submit\" data-alt-text=\"Enviando...\" data-submit-text=\"Enviar\" aria-live=\"assertive\" value=\"wpforms-submit\">Enviar<\/button><img decoding=\"async\" src=\"https:\/\/guspanish.com\/wp-content\/plugins\/wpforms-lite\/assets\/images\/submit-spin.svg\" class=\"wpforms-submit-spinner\" style=\"display: none;\" width=\"26\" height=\"26\" alt=\"Cargando\"><\/div><\/form><\/div>  <!-- .wpforms-container -->\t\t\t\t<\/div>\n\t\t\t\t<\/div>\n\t\t\t\t\t<\/div>\n\t\t<\/div>\n\t\t\t\t\t<\/div>\n\t\t<\/section>\n\t\t\t\t<\/div>\n\t\t","protected":false},"excerpt":{"rendered":"<p>CONTACTO CONTACTO info@guspanish.com Guspanish Guspanish +34 644 04 43 92 \u00a1No olvides seguirme en mis redes! Facebook Instagram FORMULARIO DE CONTACTO Escr\u00edbeme en mis redes sociales, whatsapp o usando este formulario Por favor, activa JavaScript en tu navegador para completar este formulario.Name *NombreApellidosE-mail *Whatsapp NumberComment * Enviar<\/p>\n","protected":false},"author":1,"featured_media":0,"parent":0,"menu_order":0,"comment_status":"closed","ping_status":"closed","template":"","meta":{"_uag_custom_page_level_css":"","site-sidebar-layout":"no-sidebar","site-content-layout":"page-builder","ast-site-content-layout":"full-width-container","site-content-style":"unboxed","site-sidebar-style":"unboxed","ast-global-header-display":"","ast-banner-title-visibility":"","ast-main-header-display":"","ast-hfb-above-header-display":"","ast-hfb-below-header-display":"","ast-hfb-mobile-header-display":"","site-post-title":"disabled","ast-breadcrumbs-content":"disabled","ast-featured-img":"","footer-sml-layout":"","ast-disable-related-posts":"","theme-transparent-header-meta":"enabled","adv-header-id-meta":"","stick-header-meta":"","header-above-stick-meta":"","header-main-stick-meta":"","header-below-stick-meta":"","astra-migrate-meta-layouts":"set","ast-page-background-enabled":"default","ast-page-background-meta":{"desktop":{"background-color":"","background-image":"","background-repeat":"repeat","background-position":"center center","background-size":"auto","background-attachment":"scroll","background-type":"","background-media":"","overlay-type":"","overlay-color":"","overlay-opacity":"","overlay-gradient":""},"tablet":{"background-color":"","background-image":"","background-repeat":"repeat","background-position":"center center","background-size":"auto","background-attachment":"scroll","background-type":"","background-media":"","overlay-type":"","overlay-color":"","overlay-opacity":"","overlay-gradient":""},"mobile":{"background-color":"","background-image":"","background-repeat":"repeat","background-position":"center center","background-size":"auto","background-attachment":"scroll","background-type":"","background-media":"","overlay-type":"","overlay-color":"","overlay-opacity":"","overlay-gradient":""}},"ast-content-background-meta":{"desktop":{"background-color":"var(--ast-global-color-5)","background-image":"","background-repeat":"repeat","background-position":"center center","background-size":"auto","background-attachment":"scroll","background-type":"","background-media":"","overlay-type":"","overlay-color":"","overlay-opacity":"","overlay-gradient":""},"tablet":{"background-color":"var(--ast-global-color-5)","background-image":"","background-repeat":"repeat","background-position":"center center","background-size":"auto","background-attachment":"scroll","background-type":"","background-media":"","overlay-type":"","overlay-color":"","overlay-opacity":"","overlay-gradient":""},"mobile":{"background-color":"var(--ast-global-color-5)","background-image":"","background-repeat":"repeat","background-position":"center center","background-size":"auto","background-attachment":"scroll","background-type":"","background-media":"","overlay-type":"","overlay-color":"","overlay-opacity":"","overlay-gradient":""}},"footnotes":""},"class_list":["post-2264","page","type-page","status-publish","hentry"],"yoast_head":"<!-- This site is optimized with the Yoast SEO plugin v27.5 - https:\/\/yoast.com\/product\/yoast-seo-wordpress\/ -->\n<title>Contacto - guspanish.com<\/title>\n<meta name=\"description\" content=\"Contacta con GuSpanish para pedir m\u00e1s informaci\u00f3n sobre las clases de espa\u00f1ol online. Clases de espa\u00f1ol online privadas, en grupo\" \/>\n<meta name=\"robots\" content=\"index, follow, max-snippet:-1, max-image-preview:large, max-video-preview:-1\" \/>\n<link rel=\"canonical\" href=\"https:\/\/guspanish.com\/index.php\/contacto\/\" \/>\n<meta property=\"og:locale\" content=\"es_ES\" \/>\n<meta property=\"og:type\" content=\"article\" \/>\n<meta property=\"og:title\" content=\"Contacto - guspanish.com\" \/>\n<meta property=\"og:description\" content=\"Contacta con GuSpanish para pedir m\u00e1s informaci\u00f3n sobre las clases de espa\u00f1ol online. Clases de espa\u00f1ol online privadas, en grupo\" \/>\n<meta property=\"og:url\" content=\"https:\/\/guspanish.com\/index.php\/contacto\/\" \/>\n<meta property=\"og:site_name\" content=\"guspanish.com\" \/>\n<meta property=\"article:publisher\" content=\"https:\/\/www.facebook.com\/guspanish\/\" \/>\n<meta property=\"article:modified_time\" content=\"2023-12-07T10:16:39+00:00\" \/>\n<meta property=\"og:image\" content=\"http:\/\/guspanish.com\/wp-content\/uploads\/2023\/11\/Logo-Guspanish-Original-on-Transparent-300x107.png\" \/>\n<meta name=\"twitter:card\" content=\"summary_large_image\" \/>\n<meta name=\"twitter:label1\" content=\"Tiempo de lectura\" \/>\n\t<meta name=\"twitter:data1\" content=\"1 minuto\" \/>\n<script type=\"application\/ld+json\" class=\"yoast-schema-graph\">{\"@context\":\"https:\\\/\\\/schema.org\",\"@graph\":[{\"@type\":\"WebPage\",\"@id\":\"https:\\\/\\\/guspanish.com\\\/index.php\\\/contacto\\\/\",\"url\":\"https:\\\/\\\/guspanish.com\\\/index.php\\\/contacto\\\/\",\"name\":\"Contacto - guspanish.com\",\"isPartOf\":{\"@id\":\"https:\\\/\\\/guspanish.com\\\/#website\"},\"primaryImageOfPage\":{\"@id\":\"https:\\\/\\\/guspanish.com\\\/index.php\\\/contacto\\\/#primaryimage\"},\"image\":{\"@id\":\"https:\\\/\\\/guspanish.com\\\/index.php\\\/contacto\\\/#primaryimage\"},\"thumbnailUrl\":\"http:\\\/\\\/guspanish.com\\\/wp-content\\\/uploads\\\/2023\\\/11\\\/Logo-Guspanish-Original-on-Transparent-300x107.png\",\"datePublished\":\"2023-11-18T12:40:59+00:00\",\"dateModified\":\"2023-12-07T10:16:39+00:00\",\"description\":\"Contacta con GuSpanish para pedir m\u00e1s informaci\u00f3n sobre las clases de espa\u00f1ol online. Clases de espa\u00f1ol online privadas, en grupo\",\"breadcrumb\":{\"@id\":\"https:\\\/\\\/guspanish.com\\\/index.php\\\/contacto\\\/#breadcrumb\"},\"inLanguage\":\"es\",\"potentialAction\":[{\"@type\":\"ReadAction\",\"target\":[\"https:\\\/\\\/guspanish.com\\\/index.php\\\/contacto\\\/\"]}]},{\"@type\":\"ImageObject\",\"inLanguage\":\"es\",\"@id\":\"https:\\\/\\\/guspanish.com\\\/index.php\\\/contacto\\\/#primaryimage\",\"url\":\"http:\\\/\\\/guspanish.com\\\/wp-content\\\/uploads\\\/2023\\\/11\\\/Logo-Guspanish-Original-on-Transparent-300x107.png\",\"contentUrl\":\"http:\\\/\\\/guspanish.com\\\/wp-content\\\/uploads\\\/2023\\\/11\\\/Logo-Guspanish-Original-on-Transparent-300x107.png\"},{\"@type\":\"BreadcrumbList\",\"@id\":\"https:\\\/\\\/guspanish.com\\\/index.php\\\/contacto\\\/#breadcrumb\",\"itemListElement\":[{\"@type\":\"ListItem\",\"position\":1,\"name\":\"Portada\",\"item\":\"https:\\\/\\\/guspanish.com\\\/\"},{\"@type\":\"ListItem\",\"position\":2,\"name\":\"Contacto\"}]},{\"@type\":\"WebSite\",\"@id\":\"https:\\\/\\\/guspanish.com\\\/#website\",\"url\":\"https:\\\/\\\/guspanish.com\\\/\",\"name\":\"guspanish.com\",\"description\":\"Spanish Lessons Online\",\"publisher\":{\"@id\":\"https:\\\/\\\/guspanish.com\\\/#organization\"},\"alternateName\":\"guspanish\",\"potentialAction\":[{\"@type\":\"SearchAction\",\"target\":{\"@type\":\"EntryPoint\",\"urlTemplate\":\"https:\\\/\\\/guspanish.com\\\/?s={search_term_string}\"},\"query-input\":{\"@type\":\"PropertyValueSpecification\",\"valueRequired\":true,\"valueName\":\"search_term_string\"}}],\"inLanguage\":\"es\"},{\"@type\":\"Organization\",\"@id\":\"https:\\\/\\\/guspanish.com\\\/#organization\",\"name\":\"Guspanish\",\"url\":\"https:\\\/\\\/guspanish.com\\\/\",\"logo\":{\"@type\":\"ImageObject\",\"inLanguage\":\"es\",\"@id\":\"https:\\\/\\\/guspanish.com\\\/#\\\/schema\\\/logo\\\/image\\\/\",\"url\":\"https:\\\/\\\/guspanish.com\\\/wp-content\\\/uploads\\\/2023\\\/11\\\/Logo-Guspanish-Original-rectangular.png\",\"contentUrl\":\"https:\\\/\\\/guspanish.com\\\/wp-content\\\/uploads\\\/2023\\\/11\\\/Logo-Guspanish-Original-rectangular.png\",\"width\":2298,\"height\":1006,\"caption\":\"Guspanish\"},\"image\":{\"@id\":\"https:\\\/\\\/guspanish.com\\\/#\\\/schema\\\/logo\\\/image\\\/\"},\"sameAs\":[\"https:\\\/\\\/www.facebook.com\\\/guspanish\\\/\",\"https:\\\/\\\/www.instagram.com\\\/guspanish\\\/\"]}]}<\/script>\n<!-- \/ Yoast SEO plugin. -->","yoast_head_json":{"title":"Contacto - guspanish.com","description":"Contacta con GuSpanish para pedir m\u00e1s informaci\u00f3n sobre las clases de espa\u00f1ol online. Clases de espa\u00f1ol online privadas, en grupo","robots":{"index":"index","follow":"follow","max-snippet":"max-snippet:-1","max-image-preview":"max-image-preview:large","max-video-preview":"max-video-preview:-1"},"canonical":"https:\/\/guspanish.com\/index.php\/contacto\/","og_locale":"es_ES","og_type":"article","og_title":"Contacto - guspanish.com","og_description":"Contacta con GuSpanish para pedir m\u00e1s informaci\u00f3n sobre las clases de espa\u00f1ol online. Clases de espa\u00f1ol online privadas, en grupo","og_url":"https:\/\/guspanish.com\/index.php\/contacto\/","og_site_name":"guspanish.com","article_publisher":"https:\/\/www.facebook.com\/guspanish\/","article_modified_time":"2023-12-07T10:16:39+00:00","og_image":[{"url":"http:\/\/guspanish.com\/wp-content\/uploads\/2023\/11\/Logo-Guspanish-Original-on-Transparent-300x107.png","type":"","width":"","height":""}],"twitter_card":"summary_large_image","twitter_misc":{"Tiempo de lectura":"1 minuto"},"schema":{"@context":"https:\/\/schema.org","@graph":[{"@type":"WebPage","@id":"https:\/\/guspanish.com\/index.php\/contacto\/","url":"https:\/\/guspanish.com\/index.php\/contacto\/","name":"Contacto - guspanish.com","isPartOf":{"@id":"https:\/\/guspanish.com\/#website"},"primaryImageOfPage":{"@id":"https:\/\/guspanish.com\/index.php\/contacto\/#primaryimage"},"image":{"@id":"https:\/\/guspanish.com\/index.php\/contacto\/#primaryimage"},"thumbnailUrl":"http:\/\/guspanish.com\/wp-content\/uploads\/2023\/11\/Logo-Guspanish-Original-on-Transparent-300x107.png","datePublished":"2023-11-18T12:40:59+00:00","dateModified":"2023-12-07T10:16:39+00:00","description":"Contacta con GuSpanish para pedir m\u00e1s informaci\u00f3n sobre las clases de espa\u00f1ol online. Clases de espa\u00f1ol online privadas, en grupo","breadcrumb":{"@id":"https:\/\/guspanish.com\/index.php\/contacto\/#breadcrumb"},"inLanguage":"es","potentialAction":[{"@type":"ReadAction","target":["https:\/\/guspanish.com\/index.php\/contacto\/"]}]},{"@type":"ImageObject","inLanguage":"es","@id":"https:\/\/guspanish.com\/index.php\/contacto\/#primaryimage","url":"http:\/\/guspanish.com\/wp-content\/uploads\/2023\/11\/Logo-Guspanish-Original-on-Transparent-300x107.png","contentUrl":"http:\/\/guspanish.com\/wp-content\/uploads\/2023\/11\/Logo-Guspanish-Original-on-Transparent-300x107.png"},{"@type":"BreadcrumbList","@id":"https:\/\/guspanish.com\/index.php\/contacto\/#breadcrumb","itemListElement":[{"@type":"ListItem","position":1,"name":"Portada","item":"https:\/\/guspanish.com\/"},{"@type":"ListItem","position":2,"name":"Contacto"}]},{"@type":"WebSite","@id":"https:\/\/guspanish.com\/#website","url":"https:\/\/guspanish.com\/","name":"guspanish.com","description":"Spanish Lessons Online","publisher":{"@id":"https:\/\/guspanish.com\/#organization"},"alternateName":"guspanish","potentialAction":[{"@type":"SearchAction","target":{"@type":"EntryPoint","urlTemplate":"https:\/\/guspanish.com\/?s={search_term_string}"},"query-input":{"@type":"PropertyValueSpecification","valueRequired":true,"valueName":"search_term_string"}}],"inLanguage":"es"},{"@type":"Organization","@id":"https:\/\/guspanish.com\/#organization","name":"Guspanish","url":"https:\/\/guspanish.com\/","logo":{"@type":"ImageObject","inLanguage":"es","@id":"https:\/\/guspanish.com\/#\/schema\/logo\/image\/","url":"https:\/\/guspanish.com\/wp-content\/uploads\/2023\/11\/Logo-Guspanish-Original-rectangular.png","contentUrl":"https:\/\/guspanish.com\/wp-content\/uploads\/2023\/11\/Logo-Guspanish-Original-rectangular.png","width":2298,"height":1006,"caption":"Guspanish"},"image":{"@id":"https:\/\/guspanish.com\/#\/schema\/logo\/image\/"},"sameAs":["https:\/\/www.facebook.com\/guspanish\/","https:\/\/www.instagram.com\/guspanish\/"]}]}},"uagb_featured_image_src":{"full":false,"thumbnail":false,"medium":false,"medium_large":false,"large":false,"1536x1536":false,"2048x2048":false},"uagb_author_info":{"display_name":"guspanish.com","author_link":"https:\/\/guspanish.com\/index.php\/author\/guspanish-com\/"},"uagb_comment_info":0,"uagb_excerpt":"CONTACTO CONTACTO info@guspanish.com Guspanish Guspanish +34 644 04 43 92 \u00a1No olvides seguirme en mis redes! Facebook Instagram FORMULARIO DE CONTACTO Escr\u00edbeme en mis redes sociales, whatsapp o usando este formulario Por favor, activa JavaScript en tu navegador para completar este formulario.Name *NombreApellidosE-mail *Whatsapp NumberComment * Enviar","_links":{"self":[{"href":"https:\/\/guspanish.com\/index.php\/wp-json\/wp\/v2\/pages\/2264","targetHints":{"allow":["GET"]}}],"collection":[{"href":"https:\/\/guspanish.com\/index.php\/wp-json\/wp\/v2\/pages"}],"about":[{"href":"https:\/\/guspanish.com\/index.php\/wp-json\/wp\/v2\/types\/page"}],"author":[{"embeddable":true,"href":"https:\/\/guspanish.com\/index.php\/wp-json\/wp\/v2\/users\/1"}],"replies":[{"embeddable":true,"href":"https:\/\/guspanish.com\/index.php\/wp-json\/wp\/v2\/comments?post=2264"}],"version-history":[{"count":28,"href":"https:\/\/guspanish.com\/index.php\/wp-json\/wp\/v2\/pages\/2264\/revisions"}],"predecessor-version":[{"id":2761,"href":"https:\/\/guspanish.com\/index.php\/wp-json\/wp\/v2\/pages\/2264\/revisions\/2761"}],"wp:attachment":[{"href":"https:\/\/guspanish.com\/index.php\/wp-json\/wp\/v2\/media?parent=2264"}],"curies":[{"name":"wp","href":"https:\/\/api.w.org\/{rel}","templated":true}]}}